{"id":1747,"date":"2023-01-24T17:38:31","date_gmt":"2023-01-24T17:38:31","guid":{"rendered":"https:\/\/wpweb2-prod.rtu.lv\/ise\/?page_id=1747"},"modified":"2023-09-13T17:39:22","modified_gmt":"2023-09-13T17:39:22","slug":"about-us-2","status":"publish","type":"page","link":"https:\/\/ise.rtu.lv\/en\/about-us-2\/","title":{"rendered":"About us"},"content":{"rendered":"<div id='av_section_1'  class='avia-section av-12186-f0a95522b3da7bebf1fa1235b1216a8d main_color avia-section-default avia-no-border-styling  avia-builder-el-0  avia-builder-el-no-sibling  avia-bg-style-scroll container_wrap sidebar_right'  ><div class='container av-section-cont-open' ><main  role=\"main\" itemprop=\"mainContentOfPage\"  class='template-page content  av-content-small alpha units'><div class='post-entry post-entry-type-page post-entry-1747'><div class='entry-content-wrapper clearfix'>\n<section  class='av_textblock_section av-l25ymjyn-b007ed3e84875fefe71af2dde272ae69 '   itemscope=\"itemscope\" itemtype=\"https:\/\/schema.org\/CreativeWork\" ><div class='avia_textblock'  itemprop=\"text\" ><h3>Institute of Structural Engineering<\/h3>\n<p>The Institute was established in 1993 and is one of the structural engineering departments of Riga Technical University, Faculty of Civil Engineering. The first director of the Institute was Professor K\u0101rlis Roc\u0113ns (1993 &#8211; 2011). Since 2011 the Institute is headed by Professor, Dr.sc.ing. Leon\u012bds Pakrasti\u0146\u0161. According to the Statute, the Institute consists of the Department of Building Mechanics (headed by Prof. L.Gaile), the Department of Building Structures (headed by Prof. L.Pakrastins) and the Department of Computer Aided Engineering Graphics (headed by Prof. M.Dobelis). The Institute currently employs 50 people.<\/p>\n<p>The scientific research work at the Institute of Civil Engineering is developed in several directions: the latest generation of composite material constructions are developed, in which a rational relationship between self-weight and payload is respected. Analysis of the actual performance of the structures to be reconstructed and of the load-bearing structures and design of reinforcements, as well as research into the operating conditions of construction and improvement of reconstruction methods. Research in the field of technological mechanics of composite structures and composite building materials is developing.<\/p>\n<p>The staff of the Institute actively participates in the working groups of the technical committee for standardisation LVS\/STK30 &#8220;Construction&#8221; and LVS\/STK4 &#8220;Construction Materials&#8221;. Work has started on the transfer of innovative solutions of the modern Building Information Modelling (BIM) process both to industry and to the study process. Financial support for scientific research is obtained from participation in various national and foreign projects or scientific research programmes.<\/p>\n<p>The main objectives of the Institute are:<\/p>\n<ul>\n<li>To carry out scientific research activities on the methods of calculation, design, inspection and reinforcement of load-bearing structures and their elements made of various materials, taking into account the specific features of the production technology, transport, assembly and operation of these structures;<\/li>\n<li>To advise manufacturers on the design and use of advanced building structures in construction;<\/li>\n<li>Develop methodological materials and carry out further training of construction professionals in accordance with current design standards;<\/li>\n<li>To train Doctors of Engineering in the field of Building Science, in the sub-fields of Building Structures and Building Mechanics; Masters and Bachelors in Building Construction.<\/li>\n<\/ul>\n<\/div><\/section>\n<\/div><\/div><\/main><!-- close content main element --><\/div><\/div><div id='after_section_1'  class='main_color av_default_container_wrap container_wrap sidebar_right'  ><div class='container av-section-cont-open' ><div class='template-page content  av-content-small alpha units'><div class='post-entry post-entry-type-page post-entry-1747'><div class='entry-content-wrapper clearfix'>\n","protected":false},"excerpt":{"rendered":"","protected":false},"author":96,"featured_media":0,"parent":0,"menu_order":6,"comment_status":"closed","ping_status":"closed","template":"","meta":{"_monsterinsights_skip_tracking":false,"_monsterinsights_sitenote_active":false,"_monsterinsights_sitenote_note":"","_monsterinsights_sitenote_category":0,"footnotes":""},"class_list":["post-1747","page","type-page","status-publish","hentry"],"meta_box":[],"_links":{"self":[{"href":"https:\/\/ise.rtu.lv\/en\/wp-json\/wp\/v2\/pages\/1747","targetHints":{"allow":["GET"]}}],"collection":[{"href":"https:\/\/ise.rtu.lv\/en\/wp-json\/wp\/v2\/pages"}],"about":[{"href":"https:\/\/ise.rtu.lv\/en\/wp-json\/wp\/v2\/types\/page"}],"author":[{"embeddable":true,"href":"https:\/\/ise.rtu.lv\/en\/wp-json\/wp\/v2\/users\/96"}],"replies":[{"embeddable":true,"href":"https:\/\/ise.rtu.lv\/en\/wp-json\/wp\/v2\/comments?post=1747"}],"version-history":[{"count":5,"href":"https:\/\/ise.rtu.lv\/en\/wp-json\/wp\/v2\/pages\/1747\/revisions"}],"predecessor-version":[{"id":1862,"href":"https:\/\/ise.rtu.lv\/en\/wp-json\/wp\/v2\/pages\/1747\/revisions\/1862"}],"wp:attachment":[{"href":"https:\/\/ise.rtu.lv\/en\/wp-json\/wp\/v2\/media?parent=1747"}],"curies":[{"name":"wp","href":"https:\/\/api.w.org\/{rel}","templated":true}]}}