{"id":1741,"date":"2023-01-24T17:36:39","date_gmt":"2023-01-24T17:36:39","guid":{"rendered":"https:\/\/wpweb2-prod.rtu.lv\/ise\/?page_id=1741"},"modified":"2023-01-24T17:37:52","modified_gmt":"2023-01-24T17:37:52","slug":"study-materials","status":"publish","type":"page","link":"https:\/\/ise.rtu.lv\/en\/studies\/study-materials\/","title":{"rendered":"Study materials"},"content":{"rendered":"<div id='av_section_1'  class='avia-section av-lr7dl-650d44cc922c9dd344a046517df2410b main_color avia-section-default avia-no-border-styling  avia-builder-el-0  el_before_av_two_third  avia-builder-el-first  avia-bg-style-scroll container_wrap sidebar_right'  ><div class='container av-section-cont-open' ><main  role=\"main\" itemprop=\"mainContentOfPage\"  class='template-page content  av-content-small alpha units'><div class='post-entry post-entry-type-page post-entry-1741'><div class='entry-content-wrapper clearfix'>\n<div  class='avia-slideshow av-l7ywvkhl-ddcc1452a87f5850ac440ef8065b983e avia-slideshow-featured av_slideshow avia-slide-slider  avia-builder-el-1  el_before_av_textblock  avia-builder-el-first  av-slideshow-ui av-control-default av-slideshow-manual av-loop-once av-loop-manual-endless av-default-height-applied avia-slideshow-1' data-slideshow-options=\"{&quot;animation&quot;:&quot;slide&quot;,&quot;autoplay&quot;:false,&quot;loop_autoplay&quot;:&quot;once&quot;,&quot;interval&quot;:5,&quot;loop_manual&quot;:&quot;manual-endless&quot;,&quot;autoplay_stopper&quot;:false,&quot;noNavigation&quot;:false,&quot;bg_slider&quot;:false,&quot;keep_padding&quot;:false,&quot;hoverpause&quot;:false,&quot;show_slide_delay&quot;:0}\"  itemprop=\"image\" itemscope=\"itemscope\" itemtype=\"https:\/\/schema.org\/ImageObject\" ><ul class='avia-slideshow-inner ' style='padding-bottom: 28.666666666667%;'><li  class='avia-slideshow-slide av-l7ywvkhl-ddcc1452a87f5850ac440ef8065b983e__0  av-single-slide slide-1 slide-odd'><div data-rel='slideshow-1' class='avia-slide-wrap '   ><img decoding=\"async\" fetchpriority=\"high\" class=\"wp-image-1419 avia-img-lazy-loading-not-1419\"  src=\"https:\/\/wpweb2-prod.rtu.lv\/ise\/wp-content\/uploads\/sites\/62\/2022\/09\/tu-delft-g467444fc1_1920-1500x430.jpg\" width=\"1500\" height=\"430\" title='tu-delft-g467444fc1_1920' alt=''  itemprop=\"thumbnailUrl\"   \/><\/div><\/li><\/ul><\/div>\n<section  class='av_textblock_section av-l761a1j2-db9496058ea121249effce581a458421 '   itemscope=\"itemscope\" itemtype=\"https:\/\/schema.org\/CreativeWork\" ><div class='avia_textblock'  itemprop=\"text\" ><h2 style=\"text-align: center\">Study materials<\/h2>\n<\/div><\/section>\n<\/div><\/div><\/main><!-- close content main element --><\/div><\/div><div id='after_section_1'  class='main_color av_default_container_wrap container_wrap sidebar_right'  ><div class='container av-section-cont-open' ><div class='template-page content  av-content-small alpha units'><div class='post-entry post-entry-type-page post-entry-1741'><div class='entry-content-wrapper clearfix'>\n<style type=\"text\/css\" data-created_by=\"avia_inline_auto\" id=\"style-css-av-4b1y09-104765a869afd4015d3c7893ddcd0da3\">\n.flex_column.av-4b1y09-104765a869afd4015d3c7893ddcd0da3{\nborder-radius:0px 0px 0px 0px;\npadding:0px 0px 0px 0px;\n}\n<\/style>\n<div  class='flex_column av-4b1y09-104765a869afd4015d3c7893ddcd0da3 av_two_third  avia-builder-el-3  el_after_av_section  el_before_av_one_third  avia-builder-el-first  first flex_column_div av-zero-column-padding  '     ><\/p>\n<section  class='av_textblock_section av-l7yvpe53-a9f5b15bcceb7dd35dd8a2b99ca80691 '   itemscope=\"itemscope\" itemtype=\"https:\/\/schema.org\/CreativeWork\" ><div class='avia_textblock'  itemprop=\"text\" ><p><strong>A.Spince, Augstas stipr\u012bbas betoni, 2018<\/strong><\/p>\n<\/div><\/section><\/div><\/p>\n\n<style type=\"text\/css\" data-created_by=\"avia_inline_auto\" id=\"style-css-av-av_one_third-49f6e875884219cf77c24341e550af53\">\n.flex_column.av-av_one_third-49f6e875884219cf77c24341e550af53{\nborder-radius:0px 0px 0px 0px;\npadding:0px 0px 0px 0px;\n}\n<\/style>\n<div  class='flex_column av-av_one_third-49f6e875884219cf77c24341e550af53 av_one_third  avia-builder-el-5  el_after_av_two_third  el_before_av_two_third  flex_column_div av-zero-column-padding  '     ><div  class='avia-button-wrap av-l7yvrm6l-0527e37f0b7065ce2cf418cf48c1f5c0-wrap avia-button-center  avia-builder-el-6  avia-builder-el-no-sibling '><a href='https:\/\/ise.rtu.lv\/wp-content\/uploads\/sites\/62\/2022\/09\/A.Sprince_Augstas-stipribas-betoni-2018.pdf'  class='avia-button av-l7yvrm6l-0527e37f0b7065ce2cf418cf48c1f5c0 av-link-btn avia-icon_select-no avia-size-medium avia-position-center avia-color-theme-color'   aria-label=\"Download\"><span class='avia_iconbox_title' >Download<\/span><\/a><\/div><\/div>\n<style type=\"text\/css\" data-created_by=\"avia_inline_auto\" id=\"style-css-av-av_two_third-79ff81c021393065cee878051452f6a6\">\n.flex_column.av-av_two_third-79ff81c021393065cee878051452f6a6{\nborder-radius:0px 0px 0px 0px;\npadding:0px 0px 0px 0px;\n}\n<\/style>\n<div  class='flex_column av-av_two_third-79ff81c021393065cee878051452f6a6 av_two_third  avia-builder-el-7  el_after_av_one_third  el_before_av_one_third  first flex_column_div av-zero-column-padding  column-top-margin'     ><\/p>\n<section  class='av_textblock_section av-l7yvpe53-a9f5b15bcceb7dd35dd8a2b99ca80691 '   itemscope=\"itemscope\" itemtype=\"https:\/\/schema.org\/CreativeWork\" ><div class='avia_textblock'  itemprop=\"text\" ><p><strong>L.Pakrasti\u0146\u0161, A.Sprince Stiegrota betona konstrukciju apr\u0113\u0137ina piem\u0113ri, 2020<\/strong><\/p>\n<\/div><\/section><\/div><\/p>\n\n<style type=\"text\/css\" data-created_by=\"avia_inline_auto\" id=\"style-css-av-av_one_third-49f6e875884219cf77c24341e550af53\">\n.flex_column.av-av_one_third-49f6e875884219cf77c24341e550af53{\nborder-radius:0px 0px 0px 0px;\npadding:0px 0px 0px 0px;\n}\n<\/style>\n<div  class='flex_column av-av_one_third-49f6e875884219cf77c24341e550af53 av_one_third  avia-builder-el-9  el_after_av_two_third  el_before_av_two_third  flex_column_div av-zero-column-padding  column-top-margin'     ><div  class='avia-button-wrap av-l7yvrm6l-ff7099e81a10b3e807749d432f564bbd-wrap avia-button-center  avia-builder-el-10  avia-builder-el-no-sibling '><a href='https:\/\/ise.rtu.lv\/wp-content\/uploads\/sites\/62\/2022\/09\/L.Pakrastins-A.Sprince_-Stiegrbetona_aprekina_piemeri-2020.pdf'  class='avia-button av-l7yvrm6l-ff7099e81a10b3e807749d432f564bbd av-link-btn avia-icon_select-no avia-size-medium avia-position-center avia-color-theme-color'   aria-label=\"Download\"><span class='avia_iconbox_title' >Download<\/span><\/a><\/div><\/div>\n<style type=\"text\/css\" data-created_by=\"avia_inline_auto\" id=\"style-css-av-av_two_third-79ff81c021393065cee878051452f6a6\">\n.flex_column.av-av_two_third-79ff81c021393065cee878051452f6a6{\nborder-radius:0px 0px 0px 0px;\npadding:0px 0px 0px 0px;\n}\n<\/style>\n<div  class='flex_column av-av_two_third-79ff81c021393065cee878051452f6a6 av_two_third  avia-builder-el-11  el_after_av_one_third  el_before_av_one_third  first flex_column_div av-zero-column-padding  column-top-margin'     ><\/p>\n<section  class='av_textblock_section av-l7yvpe53-a9f5b15bcceb7dd35dd8a2b99ca80691 '   itemscope=\"itemscope\" itemtype=\"https:\/\/schema.org\/CreativeWork\" ><div class='avia_textblock'  itemprop=\"text\" ><p><strong>L. Pakrasti\u0146\u0161, I. Paegle, M\u016bra konstrukciju projekt\u0113\u0161ana atbilsto\u0161i EC6, 2021<\/strong><\/p>\n<\/div><\/section><\/div><\/p>\n\n<style type=\"text\/css\" data-created_by=\"avia_inline_auto\" id=\"style-css-av-av_one_third-49f6e875884219cf77c24341e550af53\">\n.flex_column.av-av_one_third-49f6e875884219cf77c24341e550af53{\nborder-radius:0px 0px 0px 0px;\npadding:0px 0px 0px 0px;\n}\n<\/style>\n<div  class='flex_column av-av_one_third-49f6e875884219cf77c24341e550af53 av_one_third  avia-builder-el-13  el_after_av_two_third  el_before_av_two_third  flex_column_div av-zero-column-padding  column-top-margin'     ><div  class='avia-button-wrap av-l7yvrm6l-9dfdd875f3d11f42f9388c01e6e1f194-wrap avia-button-center  avia-builder-el-14  avia-builder-el-no-sibling '><a href='https:\/\/ise.rtu.lv\/wp-content\/uploads\/sites\/62\/2022\/09\/L.Pakrastins-I.Paegle_Mura-konstrukciju-projektesana-atbilstosi-EC6-2021.pdf'  class='avia-button av-l7yvrm6l-9dfdd875f3d11f42f9388c01e6e1f194 av-link-btn avia-icon_select-no avia-size-medium avia-position-center avia-color-theme-color'   aria-label=\"Download\"><span class='avia_iconbox_title' >Download<\/span><\/a><\/div><\/div>\n<style type=\"text\/css\" data-created_by=\"avia_inline_auto\" id=\"style-css-av-av_two_third-79ff81c021393065cee878051452f6a6\">\n.flex_column.av-av_two_third-79ff81c021393065cee878051452f6a6{\nborder-radius:0px 0px 0px 0px;\npadding:0px 0px 0px 0px;\n}\n<\/style>\n<div  class='flex_column av-av_two_third-79ff81c021393065cee878051452f6a6 av_two_third  avia-builder-el-15  el_after_av_one_third  el_before_av_one_third  first flex_column_div av-zero-column-padding  column-top-margin'     ><\/p>\n<section  class='av_textblock_section av-l7yvpe53-a9f5b15bcceb7dd35dd8a2b99ca80691 '   itemscope=\"itemscope\" itemtype=\"https:\/\/schema.org\/CreativeWork\" ><div class='avia_textblock'  itemprop=\"text\" ><p><strong>L.Gaile, A.Skudra, Augstcelt\u0146u sv\u0101rst\u012bbu sl\u0101p\u0113t\u0101jsist\u0113mas un to apr\u0113\u0137ina piem\u0113rs, 2018<\/strong><\/p>\n<\/div><\/section><\/div><\/p>\n\n<style type=\"text\/css\" data-created_by=\"avia_inline_auto\" id=\"style-css-av-av_one_third-49f6e875884219cf77c24341e550af53\">\n.flex_column.av-av_one_third-49f6e875884219cf77c24341e550af53{\nborder-radius:0px 0px 0px 0px;\npadding:0px 0px 0px 0px;\n}\n<\/style>\n<div  class='flex_column av-av_one_third-49f6e875884219cf77c24341e550af53 av_one_third  avia-builder-el-17  el_after_av_two_third  el_before_av_two_third  flex_column_div av-zero-column-padding  column-top-margin'     ><div  class='avia-button-wrap av-l7yvrm6l-799f765441f0f1e45d057c9a4bc88ee1-wrap avia-button-center  avia-builder-el-18  avia-builder-el-no-sibling '><a href='https:\/\/ise.rtu.lv\/wp-content\/uploads\/sites\/62\/2022\/09\/L.Gaile_et_al_Augstceltnu-svarstibu-slapetajsistemas-un-to-aprekina-piemers-2018.pdf'  class='avia-button av-l7yvrm6l-799f765441f0f1e45d057c9a4bc88ee1 av-link-btn avia-icon_select-no avia-size-medium avia-position-center avia-color-theme-color'   aria-label=\"Download\"><span class='avia_iconbox_title' >Download<\/span><\/a><\/div><\/div>\n<style type=\"text\/css\" data-created_by=\"avia_inline_auto\" id=\"style-css-av-av_two_third-79ff81c021393065cee878051452f6a6\">\n.flex_column.av-av_two_third-79ff81c021393065cee878051452f6a6{\nborder-radius:0px 0px 0px 0px;\npadding:0px 0px 0px 0px;\n}\n<\/style>\n<div  class='flex_column av-av_two_third-79ff81c021393065cee878051452f6a6 av_two_third  avia-builder-el-19  el_after_av_one_third  el_before_av_one_third  first flex_column_div av-zero-column-padding  column-top-margin'     ><\/p>\n<section  class='av_textblock_section av-l7yvpe53-a9f5b15bcceb7dd35dd8a2b99ca80691 '   itemscope=\"itemscope\" itemtype=\"https:\/\/schema.org\/CreativeWork\" ><div class='avia_textblock'  itemprop=\"text\" ><p><strong>J.\u0160lisers, Koksnes materi\u0101lu un plastmasu spriegumu un deform\u0101ciju apr\u0113\u0137ina pamati, 2019<\/strong><\/p>\n<\/div><\/section><\/div><\/p>\n\n<style type=\"text\/css\" data-created_by=\"avia_inline_auto\" id=\"style-css-av-av_one_third-49f6e875884219cf77c24341e550af53\">\n.flex_column.av-av_one_third-49f6e875884219cf77c24341e550af53{\nborder-radius:0px 0px 0px 0px;\npadding:0px 0px 0px 0px;\n}\n<\/style>\n<div  class='flex_column av-av_one_third-49f6e875884219cf77c24341e550af53 av_one_third  avia-builder-el-21  el_after_av_two_third  el_before_av_two_third  flex_column_div av-zero-column-padding  column-top-margin'     ><div  class='avia-button-wrap av-l7yvrm6l-6c4116487fcb9c76bfcf251f8d79eaee-wrap avia-button-center  avia-builder-el-22  avia-builder-el-no-sibling '><a href='https:\/\/ise.rtu.lv\/wp-content\/uploads\/sites\/62\/2022\/09\/J.Sliseris_Koksnes-materialu-un-plastmasu-spriegumu-un-defeformacijas-aprekina-pamati-2019.pdf'  class='avia-button av-l7yvrm6l-6c4116487fcb9c76bfcf251f8d79eaee av-link-btn avia-icon_select-no avia-size-medium avia-position-center avia-color-theme-color'   aria-label=\"Download\"><span class='avia_iconbox_title' >Download<\/span><\/a><\/div><\/div>\n<style type=\"text\/css\" data-created_by=\"avia_inline_auto\" id=\"style-css-av-av_two_third-79ff81c021393065cee878051452f6a6\">\n.flex_column.av-av_two_third-79ff81c021393065cee878051452f6a6{\nborder-radius:0px 0px 0px 0px;\npadding:0px 0px 0px 0px;\n}\n<\/style>\n<div  class='flex_column av-av_two_third-79ff81c021393065cee878051452f6a6 av_two_third  avia-builder-el-23  el_after_av_one_third  el_before_av_one_third  first flex_column_div av-zero-column-padding  column-top-margin'     ><\/p>\n<section  class='av_textblock_section av-l7yvpe53-a9f5b15bcceb7dd35dd8a2b99ca80691 '   itemscope=\"itemscope\" itemtype=\"https:\/\/schema.org\/CreativeWork\" ><div class='avia_textblock'  itemprop=\"text\" ><p><strong>V. Goremikins, D. Serdjuks, Metodiskie nor\u0101d\u012bjumi sapl\u0101k\u0161\u0146a pane\u013cu projekt\u0113\u0161anai, 2020<\/strong><\/p>\n<\/div><\/section><\/div><\/p>\n\n<style type=\"text\/css\" data-created_by=\"avia_inline_auto\" id=\"style-css-av-av_one_third-49f6e875884219cf77c24341e550af53\">\n.flex_column.av-av_one_third-49f6e875884219cf77c24341e550af53{\nborder-radius:0px 0px 0px 0px;\npadding:0px 0px 0px 0px;\n}\n<\/style>\n<div  class='flex_column av-av_one_third-49f6e875884219cf77c24341e550af53 av_one_third  avia-builder-el-25  el_after_av_two_third  avia-builder-el-last  flex_column_div av-zero-column-padding  column-top-margin'     ><div  class='avia-button-wrap av-l7yvrm6l-d0af5f19dcff542aecef1d7d1c8c9ee5-wrap avia-button-center  avia-builder-el-26  avia-builder-el-no-sibling '><a href='https:\/\/ise.rtu.lv\/wp-content\/uploads\/sites\/62\/2022\/09\/V.Goremikins-D.Serdjuks_-Saplaksna-panelu-projektesana-LVS-EN-1995-1-1-2020.pdf'  class='avia-button av-l7yvrm6l-d0af5f19dcff542aecef1d7d1c8c9ee5 av-link-btn avia-icon_select-no avia-size-medium avia-position-center avia-color-theme-color'   aria-label=\"Download\"><span class='avia_iconbox_title' >Download<\/span><\/a><\/div><\/div>\n","protected":false},"excerpt":{"rendered":"","protected":false},"author":96,"featured_media":0,"parent":1717,"menu_order":3,"comment_status":"closed","ping_status":"closed","template":"","meta":{"_monsterinsights_skip_tracking":false,"_monsterinsights_sitenote_active":false,"_monsterinsights_sitenote_note":"","_monsterinsights_sitenote_category":0,"footnotes":""},"class_list":["post-1741","page","type-page","status-publish","hentry"],"meta_box":[],"_links":{"self":[{"href":"https:\/\/ise.rtu.lv\/en\/wp-json\/wp\/v2\/pages\/1741","targetHints":{"allow":["GET"]}}],"collection":[{"href":"https:\/\/ise.rtu.lv\/en\/wp-json\/wp\/v2\/pages"}],"about":[{"href":"https:\/\/ise.rtu.lv\/en\/wp-json\/wp\/v2\/types\/page"}],"author":[{"embeddable":true,"href":"https:\/\/ise.rtu.lv\/en\/wp-json\/wp\/v2\/users\/96"}],"replies":[{"embeddable":true,"href":"https:\/\/ise.rtu.lv\/en\/wp-json\/wp\/v2\/comments?post=1741"}],"version-history":[{"count":4,"href":"https:\/\/ise.rtu.lv\/en\/wp-json\/wp\/v2\/pages\/1741\/revisions"}],"predecessor-version":[{"id":1746,"href":"https:\/\/ise.rtu.lv\/en\/wp-json\/wp\/v2\/pages\/1741\/revisions\/1746"}],"up":[{"embeddable":true,"href":"https:\/\/ise.rtu.lv\/en\/wp-json\/wp\/v2\/pages\/1717"}],"wp:attachment":[{"href":"https:\/\/ise.rtu.lv\/en\/wp-json\/wp\/v2\/media?parent=1741"}],"curies":[{"name":"wp","href":"https:\/\/api.w.org\/{rel}","templated":true}]}}