{"id":1728,"date":"2023-01-24T17:21:02","date_gmt":"2023-01-24T17:21:02","guid":{"rendered":"https:\/\/wpweb2-prod.rtu.lv\/ise\/?page_id=1728"},"modified":"2023-01-24T17:33:38","modified_gmt":"2023-01-24T17:33:38","slug":"pasniedzeju-pienemsanas-laikitutor-consultations","status":"publish","type":"page","link":"https:\/\/ise.rtu.lv\/en\/studies\/pasniedzeju-pienemsanas-laikitutor-consultations\/","title":{"rendered":"Tutor consultation timetables"},"content":{"rendered":"<div id='av_section_1'  class='avia-section av-1m847af-dfa8db1b6ae3c17d7952f3c9fb160125 main_color avia-section-default avia-no-border-styling  avia-builder-el-0  avia-builder-el-no-sibling  avia-bg-style-scroll container_wrap sidebar_right'  ><div class='container av-section-cont-open' ><main  role=\"main\" itemprop=\"mainContentOfPage\"  class='template-page content  av-content-small alpha units'><div class='post-entry post-entry-type-page post-entry-1728'><div class='entry-content-wrapper clearfix'>\n<div  class='avia-slideshow av-l760li46-2d2c12739ffbe2bef8f0004bf4c3ccc5 avia-slideshow-featured av_slideshow avia-slide-slider  avia-builder-el-1  el_before_av_textblock  avia-builder-el-first  av-slideshow-ui av-control-default av-slideshow-manual av-loop-once av-loop-manual-endless av-default-height-applied avia-slideshow-1' data-slideshow-options=\"{&quot;animation&quot;:&quot;slide&quot;,&quot;autoplay&quot;:false,&quot;loop_autoplay&quot;:&quot;once&quot;,&quot;interval&quot;:5,&quot;loop_manual&quot;:&quot;manual-endless&quot;,&quot;autoplay_stopper&quot;:false,&quot;noNavigation&quot;:false,&quot;bg_slider&quot;:false,&quot;keep_padding&quot;:false,&quot;hoverpause&quot;:false,&quot;show_slide_delay&quot;:0}\"  itemprop=\"image\" itemscope=\"itemscope\" itemtype=\"https:\/\/schema.org\/ImageObject\" ><ul class='avia-slideshow-inner ' style='padding-bottom: 28.666666666667%;'><li  class='avia-slideshow-slide av-l760li46-2d2c12739ffbe2bef8f0004bf4c3ccc5__0  av-single-slide slide-1 slide-odd'><div data-rel='slideshow-1' class='avia-slide-wrap '   ><img decoding=\"async\" fetchpriority=\"high\" class=\"wp-image-1217 avia-img-lazy-loading-not-1217\"  src=\"https:\/\/wpweb2-prod.rtu.lv\/ise\/wp-content\/uploads\/sites\/62\/2022\/08\/laptop-g066a74522_1920-4-1500x430.jpg\" width=\"1500\" height=\"430\" title='laptop-g066a74522_1920' alt=''  itemprop=\"thumbnailUrl\"   \/><\/div><\/li><\/ul><\/div>\n<section  class='av_textblock_section av-l7yv81lj-d55561540a6cb719ef02f98a4cdb5502 '   itemscope=\"itemscope\" itemtype=\"https:\/\/schema.org\/CreativeWork\" ><div class='avia_textblock'  itemprop=\"text\" ><h2 style=\"text-align: center\">TUTOR CONSULTATION TIMETABLES<\/h2>\n<\/div><\/section>\n<div class='avia-data-table-wrap av-1jczxbb-89cfdf3b299ad32ba06e893a3cbd1ec8 avia_responsive_table avia-table-1'><table  class='avia-table avia-data-table avia_pricing_default  avia-builder-el-3  el_after_av_textblock  avia-builder-el-last '  itemscope=\"itemscope\" itemtype=\"https:\/\/schema.org\/Table\" ><tbody><tr class='avia-heading-row'><th class=''>Tutor<\/th><th class=''>Course<\/th><th class=''>Time <\/th><th class=''>Room<\/th><\/tr><tr class=''><td class=''>Leon\u012bds Pakrasti\u0146\u0161<\/td><td class=''>Reinforced concrete structures,<br \/>\nBuilding structures &#8211; reinforced concrete and masonry,<br \/>\nConcrete composites and structures<\/td><td class=''>Tuesdays 16-18<\/td><td class=''> On campus, \u0136\u012bpsalas iel\u0101 6A-451.room<\/td><\/tr><tr class=''><td class=''>And\u012bna Sprince<\/td><td class=''>Introduction to civil engineering<\/td><td class=''>Thursdays 14-16 (with prior warning,  e-mail: andina.sprince@rtu.lv)<\/td><td class=''> On campus, \u0136\u012bpsalas iel\u0101 6A-459.room<\/td><\/tr><tr class=''><td class=''>L\u012bva Pupure<\/td><td class=''>Timber and steel structures<\/td><td class=''>Wednesdays 14:20-15:20 (with prior warning,  e-mail: Liva.Pupure@rtu.lv)<\/td><td class=''> On campus, \u0136\u012bpsalas iela 6A-429.room<\/td><\/tr><tr class=''><td class=''>L\u012bga Gaile<\/td><td class=''>Introduction to structural analysis<\/td><td class=''>TBA<\/td><td class=''>TBA<\/td><\/tr><tr class=''><td class=''>Atis Degro<\/td><td class=''>Introduction to mechanics<br \/>\nStructural Analysis<\/td><td class=''>Wednesdays 15-16 (with prior warning,  e-mail: Atis.Degro@rtu.lv)<\/td><td class=''> On campus, \u0136\u012bpsalas iela 6A-426.room<\/td><\/tr><tr class=''><td class=''>Dmitrijs Serdjuks<\/td><td class=''>Fire resistant structure engineering<br \/>\nOptimization of construction<br \/>\nTimber and plastic structures<br \/>\nTimber structures<br \/>\nStructural element experimental testing<\/td><td class=''>Wednesdays 14:30 &#8211; 16:30<\/p>\n<p>Fridays 14:00 &#8211; 16:00<\/p>\n<\/td><td class=''> On campus, \u0136\u012bpsalas iela 6A-461.room<\/td><\/tr><tr class=''><td class=''>Modris Dobelis<\/td><td class=''>Department of Computer Aided Engineering Graphics <br \/>\nFine Geometry and Engineering Graphics<br \/>\nFine Geometry I<br \/>\nFundamentals of technical drawing<br \/>\nComputer Graphics (Construction Graphics)<br \/>\nInteractive computer graphics<br \/>\nComputer-aided design<br \/>\nParametric modelling of machine elements<br \/>\nComputer graphics for engineering communications<br \/>\nFundamentals of graphic communication<br \/>\nMechanical engineering drafting<br \/>\nIntroduction to construction drawing and design<br \/>\nBuilding Information Modelling<br \/>\nModelling with 3D CAD and BIM<br \/>\nComputer aided architectural design<br \/>\n<\/td><td class=''>Tuesdays 16:00-18:00<\/td><td class=''> On campus, \u0136\u012bpsalas iela 6A-466.room<\/td><\/tr><\/tbody><\/table><\/div><style type='text\/css'>.avia-table-1 td:nth-of-type(1):before { content: 'Tutor'; } .avia-table-1 td:nth-of-type(2):before { content: 'Course'; } .avia-table-1 td:nth-of-type(3):before { content: 'Time '; } .avia-table-1 td:nth-of-type(4):before { content: 'Room'; } <\/style>\n<\/div><\/div><\/main><!-- close content main element --><\/div><\/div><div id='after_section_1'  class='main_color av_default_container_wrap container_wrap sidebar_right'  ><div class='container av-section-cont-open' ><div class='template-page content  av-content-small alpha units'><div class='post-entry post-entry-type-page post-entry-1728'><div class='entry-content-wrapper clearfix'>\n","protected":false},"excerpt":{"rendered":"","protected":false},"author":96,"featured_media":0,"parent":1717,"menu_order":1,"comment_status":"closed","ping_status":"closed","template":"","meta":{"_monsterinsights_skip_tracking":false,"_monsterinsights_sitenote_active":false,"_monsterinsights_sitenote_note":"","_monsterinsights_sitenote_category":0,"footnotes":""},"class_list":["post-1728","page","type-page","status-publish","hentry"],"meta_box":[],"_links":{"self":[{"href":"https:\/\/ise.rtu.lv\/en\/wp-json\/wp\/v2\/pages\/1728","targetHints":{"allow":["GET"]}}],"collection":[{"href":"https:\/\/ise.rtu.lv\/en\/wp-json\/wp\/v2\/pages"}],"about":[{"href":"https:\/\/ise.rtu.lv\/en\/wp-json\/wp\/v2\/types\/page"}],"author":[{"embeddable":true,"href":"https:\/\/ise.rtu.lv\/en\/wp-json\/wp\/v2\/users\/96"}],"replies":[{"embeddable":true,"href":"https:\/\/ise.rtu.lv\/en\/wp-json\/wp\/v2\/comments?post=1728"}],"version-history":[{"count":6,"href":"https:\/\/ise.rtu.lv\/en\/wp-json\/wp\/v2\/pages\/1728\/revisions"}],"predecessor-version":[{"id":1735,"href":"https:\/\/ise.rtu.lv\/en\/wp-json\/wp\/v2\/pages\/1728\/revisions\/1735"}],"up":[{"embeddable":true,"href":"https:\/\/ise.rtu.lv\/en\/wp-json\/wp\/v2\/pages\/1717"}],"wp:attachment":[{"href":"https:\/\/ise.rtu.lv\/en\/wp-json\/wp\/v2\/media?parent=1728"}],"curies":[{"name":"wp","href":"https:\/\/api.w.org\/{rel}","templated":true}]}}